{"id":232,"date":"2026-02-27T00:10:48","date_gmt":"2026-02-27T00:10:48","guid":{"rendered":"https:\/\/www.comprayvendetumarca.com\/uy\/?post_type=product&#038;p=232"},"modified":"2026-03-13T14:06:49","modified_gmt":"2026-03-13T14:06:49","slug":"lego-corazon-decorativo-254-piezas-para-crear-y-exhibir","status":"publish","type":"product","link":"https:\/\/www.comprayvendetumarca.com\/uy\/producto\/lego-corazon-decorativo-254-piezas-para-crear-y-exhibir\/","title":{"rendered":"LEGO Coraz\u00f3n Decorativo \u2013 254 Piezas para Crear y Exhibir"},"content":{"rendered":"<p data-start=\"158\" data-end=\"389\">Dale forma a un detalle especial con este <strong data-start=\"200\" data-end=\"256\">set de construcci\u00f3n coraz\u00f3n decorativo de 254 piezas<\/strong>. Dise\u00f1ado para quienes disfrutan armar y crear, combina entretenimiento con un resultado final ideal para decorar cualquier espacio.<\/p>\n<p data-start=\"391\" data-end=\"662\">Cada pieza se ensambla para formar un coraz\u00f3n con estilo moderno, perfecto para colocar en escritorio, repisa o regalar en una ocasi\u00f3n especial. Es una actividad relajante que estimula la concentraci\u00f3n y la creatividad mientras construyes un s\u00edmbolo lleno de significado.<\/p>\n<p data-start=\"664\" data-end=\"751\">\n","protected":false},"excerpt":{"rendered":"<p>Una opci\u00f3n ideal para sorprender, decorar o disfrutar de un momento creativo diferente.<\/p>\n","protected":false},"featured_media":233,"comment_status":"open","ping_status":"closed","template":"","meta":{"_kadence_starter_templates_imported_post":false,"_kad_post_transparent":"default","_kad_post_title":"","_kad_post_layout":"default","_kad_post_sidebar_id":"","_kad_post_content_style":"default","_kad_post_vertical_padding":"default","_kad_post_feature":"","_kad_post_feature_position":"","_kad_post_header":false,"_kad_post_footer":false,"_kad_post_classname":""},"product_brand":[],"product_cat":[23],"product_tag":[],"class_list":{"0":"post-232","1":"product","2":"type-product","3":"status-publish","4":"has-post-thumbnail","6":"product_cat-juguetes","8":"first","9":"instock","10":"sale","11":"shipping-taxable","12":"purchasable","13":"product-type-simple","14":"entry","15":"content-bg","16":"loop-entry"},"_links":{"self":[{"href":"https:\/\/www.comprayvendetumarca.com\/uy\/wp-json\/wp\/v2\/product\/232","targetHints":{"allow":["GET"]}}],"collection":[{"href":"https:\/\/www.comprayvendetumarca.com\/uy\/wp-json\/wp\/v2\/product"}],"about":[{"href":"https:\/\/www.comprayvendetumarca.com\/uy\/wp-json\/wp\/v2\/types\/product"}],"replies":[{"embeddable":true,"href":"https:\/\/www.comprayvendetumarca.com\/uy\/wp-json\/wp\/v2\/comments?post=232"}],"wp:featuredmedia":[{"embeddable":true,"href":"https:\/\/www.comprayvendetumarca.com\/uy\/wp-json\/wp\/v2\/media\/233"}],"wp:attachment":[{"href":"https:\/\/www.comprayvendetumarca.com\/uy\/wp-json\/wp\/v2\/media?parent=232"}],"wp:term":[{"taxonomy":"product_brand","embeddable":true,"href":"https:\/\/www.comprayvendetumarca.com\/uy\/wp-json\/wp\/v2\/product_brand?post=232"},{"taxonomy":"product_cat","embeddable":true,"href":"https:\/\/www.comprayvendetumarca.com\/uy\/wp-json\/wp\/v2\/product_cat?post=232"},{"taxonomy":"product_tag","embeddable":true,"href":"https:\/\/www.comprayvendetumarca.com\/uy\/wp-json\/wp\/v2\/product_tag?post=232"}],"curies":[{"name":"wp","href":"https:\/\/api.w.org\/{rel}","templated":true}]}}