{"id":107,"date":"2026-02-26T00:21:57","date_gmt":"2026-02-26T00:21:57","guid":{"rendered":"https:\/\/www.comprayvendetumarca.com\/uy\/?post_type=product&#038;p=107"},"modified":"2026-03-13T18:44:34","modified_gmt":"2026-03-13T18:44:34","slug":"agua-micelar-garnier-skin-active","status":"publish","type":"product","link":"https:\/\/www.comprayvendetumarca.com\/uy\/producto\/agua-micelar-garnier-skin-active\/","title":{"rendered":"Agua micelar Garnier Skin Active"},"content":{"rendered":"<p data-start=\"77\" data-end=\"453\">El Agua Micelar Bif\u00e1sica con Aceite de Garnier SkinActive est\u00e1 dise\u00f1ada para remover eficazmente maquillaje de larga duraci\u00f3n y resistente al agua, sin necesidad de frotar en exceso. Su f\u00f3rmula combina micelas que atraen y eliminan impurezas con una fase oleosa que ayuda a disolver productos de alta fijaci\u00f3n, proporcionando una limpieza profunda y delicada al mismo tiempo.<\/p>\n<p data-start=\"455\" data-end=\"703\">Al agitar el producto, ambas fases se integran para ofrecer un desmaquillado eficiente en rostro, ojos y labios. Es apta para todo tipo de piel y no deja sensaci\u00f3n grasosa tras su uso, contribuyendo a mantener la piel limpia, fresca y confortable.<\/p>\n<p data-start=\"705\" data-end=\"874\">Ideal para complementar la rutina diaria de cuidado facial, facilita la eliminaci\u00f3n de residuos y prepara la piel para los siguientes pasos de hidrataci\u00f3n o tratamiento.<\/p>\n","protected":false},"excerpt":{"rendered":"<p>Ideal para complementar la rutina diaria de cuidado facial, facilita la eliminaci\u00f3n de residuos y prepara la piel para los siguientes pasos de hidrataci\u00f3n o tratamiento.<\/p>\n","protected":false},"featured_media":108,"comment_status":"open","ping_status":"closed","template":"","meta":{"_kadence_starter_templates_imported_post":false,"_kad_post_transparent":"default","_kad_post_title":"","_kad_post_layout":"default","_kad_post_sidebar_id":"","_kad_post_content_style":"default","_kad_post_vertical_padding":"default","_kad_post_feature":"","_kad_post_feature_position":"","_kad_post_header":false,"_kad_post_footer":false,"_kad_post_classname":""},"product_brand":[],"product_cat":[18],"product_tag":[],"class_list":{"0":"post-107","1":"product","2":"type-product","3":"status-publish","4":"has-post-thumbnail","6":"product_cat-makeup","8":"first","9":"instock","10":"sale","11":"shipping-taxable","12":"purchasable","13":"product-type-simple","14":"entry","15":"content-bg","16":"loop-entry"},"_links":{"self":[{"href":"https:\/\/www.comprayvendetumarca.com\/uy\/wp-json\/wp\/v2\/product\/107","targetHints":{"allow":["GET"]}}],"collection":[{"href":"https:\/\/www.comprayvendetumarca.com\/uy\/wp-json\/wp\/v2\/product"}],"about":[{"href":"https:\/\/www.comprayvendetumarca.com\/uy\/wp-json\/wp\/v2\/types\/product"}],"replies":[{"embeddable":true,"href":"https:\/\/www.comprayvendetumarca.com\/uy\/wp-json\/wp\/v2\/comments?post=107"}],"wp:featuredmedia":[{"embeddable":true,"href":"https:\/\/www.comprayvendetumarca.com\/uy\/wp-json\/wp\/v2\/media\/108"}],"wp:attachment":[{"href":"https:\/\/www.comprayvendetumarca.com\/uy\/wp-json\/wp\/v2\/media?parent=107"}],"wp:term":[{"taxonomy":"product_brand","embeddable":true,"href":"https:\/\/www.comprayvendetumarca.com\/uy\/wp-json\/wp\/v2\/product_brand?post=107"},{"taxonomy":"product_cat","embeddable":true,"href":"https:\/\/www.comprayvendetumarca.com\/uy\/wp-json\/wp\/v2\/product_cat?post=107"},{"taxonomy":"product_tag","embeddable":true,"href":"https:\/\/www.comprayvendetumarca.com\/uy\/wp-json\/wp\/v2\/product_tag?post=107"}],"curies":[{"name":"wp","href":"https:\/\/api.w.org\/{rel}","templated":true}]}}